{"id":79,"date":"2023-04-08T22:17:04","date_gmt":"2023-04-08T22:17:04","guid":{"rendered":"https:\/\/legal-innova.com\/?page_id=79"},"modified":"2025-09-29T17:42:49","modified_gmt":"2025-09-29T17:42:49","slug":"acerca-de-nosotros","status":"publish","type":"page","link":"https:\/\/legal-innova.com\/index.php\/acerca-de-nosotros\/","title":{"rendered":"acerca de nosotros"},"content":{"rendered":"<style>\/*! elementor - v3.12.2 - 23-04-2023 *\/\n.elementor-widget-image{text-align:center}.elementor-widget-image a{display:inline-block}.elementor-widget-image a img[src$=\".svg\"]{width:48px}.elementor-widget-image img{vertical-align:middle;display:inline-block}<\/style>\n<p>\t\t\t\t\t\t\t\t\t\t\t\t<img loading=\"lazy\" decoding=\"async\" width=\"103\" height=\"94\" src=\"https:\/\/legal-innova.com\/wp-content\/uploads\/2023\/04\/1206dc7d-lawstice-logo.png\" alt=\"\" loading=\"lazy\" \/>\t\t\t\t\t\t\t\t\t\t\t\t\t\t\t<\/p>\n<style>\/*! elementor - v3.12.2 - 23-04-2023 *\/\n.elementor-heading-title{padding:0;margin:0;line-height:1}.elementor-widget-heading .elementor-heading-title[class*=elementor-size-]>a{color:inherit;font-size:inherit;line-height:inherit}.elementor-widget-heading .elementor-heading-title.elementor-size-small{font-size:15px}.elementor-widget-heading .elementor-heading-title.elementor-size-medium{font-size:19px}.elementor-widget-heading .elementor-heading-title.elementor-size-large{font-size:29px}.elementor-widget-heading .elementor-heading-title.elementor-size-xl{font-size:39px}.elementor-widget-heading .elementor-heading-title.elementor-size-xxl{font-size:59px}<\/style>\n<h4>Legal-Innova<\/h4>\n<link rel=\"stylesheet\" href=\"https:\/\/legal-innova.com\/wp-content\/plugins\/elementor\/assets\/css\/widget-icon-list.min.css\">\n<ul>\n<li>\n\t\t\t\t\t\t\t\t\t\tjuisticia\n\t\t\t\t\t\t\t\t\t<\/li>\n<li>\n\t\t\t\t\t\t\t<svg aria-hidden=\"true\" viewBox=\"0 0 512 512\" xmlns=\"http:\/\/www.w3.org\/2000\/svg\"><path d=\"M256 56c110.532 0 200 89.451 200 200 0 110.532-89.451 200-200 200-110.532 0-200-89.451-200-200 0-110.532 89.451-200 200-200m0-48C119.033 8 8 119.033 8 256s111.033 248 248 248 248-111.033 248-248S392.967 8 256 8zm0 168c-44.183 0-80 35.817-80 80s35.817 80 80 80 80-35.817 80-80-35.817-80-80-80z\"><\/path><\/svg><br \/>\n\t\t\t\t\t\t\t\t\t\tigualdad\n\t\t\t\t\t\t\t\t\t<\/li>\n<li>\n\t\t\t\t\t\t\t<svg aria-hidden=\"true\" viewBox=\"0 0 512 512\" xmlns=\"http:\/\/www.w3.org\/2000\/svg\"><path d=\"M256 56c110.532 0 200 89.451 200 200 0 110.532-89.451 200-200 200-110.532 0-200-89.451-200-200 0-110.532 89.451-200 200-200m0-48C119.033 8 8 119.033 8 256s111.033 248 248 248 248-111.033 248-248S392.967 8 256 8zm0 168c-44.183 0-80 35.817-80 80s35.817 80 80 80 80-35.817 80-80-35.817-80-80-80z\"><\/path><\/svg><br \/>\n\t\t\t\t\t\t\t\t\t\tconfianza\n\t\t\t\t\t\t\t\t\t<\/li>\n<\/ul>\n<h2>Quienes Somos<\/h2>\n<h2>Abogados especialistas con experiencia en Derecho Internacional , Inform\u00e1tico, Financiero, Penal<br \/>\n<\/h2>\n<p>\t\t\t<a href=\"#footer\" role=\"button\"><br \/>\n\t\t\t\t\t\tSolicitar cita<br \/>\n\t\t\t\t\t<\/a><br \/>\n\t\t\t\t\t\t\t\t\t\t\t\t\t\t\t<img loading=\"lazy\" decoding=\"async\" width=\"670\" height=\"850\" src=\"https:\/\/legal-innova.com\/wp-content\/uploads\/2023\/04\/e025d5b4-image-2.jpg\" alt=\"\" loading=\"lazy\" srcset=\"https:\/\/legal-innova.com\/wp-content\/uploads\/2023\/04\/e025d5b4-image-2.jpg 670w, https:\/\/legal-innova.com\/wp-content\/uploads\/2023\/04\/e025d5b4-image-2-236x300.jpg 236w\" sizes=\"(max-width: 670px) 100vw, 670px\" \/>\t\t\t\t\t\t\t\t\t\t\t\t\t\t\t<\/p>\n<h2>Bufete de abogados comprometido<\/h2>\n<ul>\n<li>\n\t\t\t\t\t\t\t\t\t\tjusticia\n\t\t\t\t\t\t\t\t\t<\/li>\n<li>\n\t\t\t\t\t\t\t<svg aria-hidden=\"true\" viewBox=\"0 0 512 512\" xmlns=\"http:\/\/www.w3.org\/2000\/svg\"><path d=\"M256 56c110.532 0 200 89.451 200 200 0 110.532-89.451 200-200 200-110.532 0-200-89.451-200-200 0-110.532 89.451-200 200-200m0-48C119.033 8 8 119.033 8 256s111.033 248 248 248 248-111.033 248-248S392.967 8 256 8zm0 168c-44.183 0-80 35.817-80 80s35.817 80 80 80 80-35.817 80-80-35.817-80-80-80z\"><\/path><\/svg><br \/>\n\t\t\t\t\t\t\t\t\t\tigualdad\n\t\t\t\t\t\t\t\t\t<\/li>\n<li>\n\t\t\t\t\t\t\t<svg aria-hidden=\"true\" viewBox=\"0 0 512 512\" xmlns=\"http:\/\/www.w3.org\/2000\/svg\"><path d=\"M256 56c110.532 0 200 89.451 200 200 0 110.532-89.451 200-200 200-110.532 0-200-89.451-200-200 0-110.532 89.451-200 200-200m0-48C119.033 8 8 119.033 8 256s111.033 248 248 248 248-111.033 248-248S392.967 8 256 8zm0 168c-44.183 0-80 35.817-80 80s35.817 80 80 80 80-35.817 80-80-35.817-80-80-80z\"><\/path><\/svg><br \/>\n\t\t\t\t\t\t\t\t\t\tconfianza\n\t\t\t\t\t\t\t\t\t<\/li>\n<\/ul>\n<p>Legal-Innova se configura en la actualidad como un despacho de abogados multidisciplinar que ofrece servicios jur\u00eddicos de calidad a empresas y particulares. Contamos con oficinas en Portugal, Reino Unido y Holanda. Ofrecemos servicios jur\u00eddicos a nivel Nacional e Internacional.<\/p>\n<p>\t\t\t<a href=\"#footer\" role=\"button\"><br \/>\n\t\t\t\t\t\tContactos<br \/>\n\t\t\t\t\t<\/a><\/p>\n<h2>Elija una firma de abogados<br \/>\n<\/h2>\n<ul>\n<li>\n\t\t\t\t\t\t\t\t\t\tjusticia\n\t\t\t\t\t\t\t\t\t<\/li>\n<li>\n\t\t\t\t\t\t\t<svg aria-hidden=\"true\" viewBox=\"0 0 512 512\" xmlns=\"http:\/\/www.w3.org\/2000\/svg\"><path d=\"M256 56c110.532 0 200 89.451 200 200 0 110.532-89.451 200-200 200-110.532 0-200-89.451-200-200 0-110.532 89.451-200 200-200m0-48C119.033 8 8 119.033 8 256s111.033 248 248 248 248-111.033 248-248S392.967 8 256 8zm0 168c-44.183 0-80 35.817-80 80s35.817 80 80 80 80-35.817 80-80-35.817-80-80-80z\"><\/path><\/svg><br \/>\n\t\t\t\t\t\t\t\t\t\tigualdad\n\t\t\t\t\t\t\t\t\t<\/li>\n<li>\n\t\t\t\t\t\t\t<svg aria-hidden=\"true\" viewBox=\"0 0 512 512\" xmlns=\"http:\/\/www.w3.org\/2000\/svg\"><path d=\"M256 56c110.532 0 200 89.451 200 200 0 110.532-89.451 200-200 200-110.532 0-200-89.451-200-200 0-110.532 89.451-200 200-200m0-48C119.033 8 8 119.033 8 256s111.033 248 248 248 248-111.033 248-248S392.967 8 256 8zm0 168c-44.183 0-80 35.817-80 80s35.817 80 80 80 80-35.817 80-80-35.817-80-80-80z\"><\/path><\/svg><br \/>\n\t\t\t\t\t\t\t\t\t\tconfianza\n\t\t\t\t\t\t\t\t\t<\/li>\n<\/ul>\n<p>Nos enorgullece ser reconocidos por nuestra dedicaci\u00f3n y compromiso con nuestros clientes. Trabajamos de forma proactiva para desarrollar soluciones personalizadas y efectivas para cada caso, y nos aseguramos de que nuestros clientes est\u00e9n informados y empoderados en todo momento.<\/p>\n<p>\u00a0<\/p>\n<p>\u00a0<\/p>\n<p>\t\t\t<a href=\"#footer\" role=\"button\"><br \/>\n\t\t\t\t\t\tCONTACTOS<br \/>\n\t\t\t\t\t<\/a><\/p>\n<h4>7 + Abogados Profesionales<\/h4>\n<h4>5800 + Casos Exitosos<\/h4>\n<h4>11200 + Consultas de clientes<\/h4>\n<h4>Nuestra Visi\u00f3n<\/h4>\n<p><p>Una firma que es capaz de unir Oriente y Occidente y crear una nueva categor\u00eda de asesoramiento legal, por encima de todos los est\u00e1ndares existentes hasta ahora. Una firma capaz de atraer talento y clientes a nivel global, sin importar las fronteras. Esta idea se ha convertido en nuestra ambici\u00f3n.<\/p>\n<\/p>\n<h4>Nuestro Prop\u00f3sito<\/h4>\n<p><p>Nos enorgullece ser reconocidos por nuestra dedicaci\u00f3n y compromiso con nuestros clientes. Trabajamos de forma proactiva para desarrollar soluciones personalizadas y efectivas para cada caso, y nos aseguramos de que nuestros clientes est\u00e9n informados y empoderados en todo momento.<\/p>\n<p>\u00a0<\/p>\n<\/p>\n<h4>Nuestros Principios<\/h4>\n<p><p>En nuestro trabajo diario tratamos de dar respuesta a las tres preguntas que nos gu\u00edan en todo momento: \u00bfC\u00f3mo podemos ayudar a nuestros clientes? \u00bfC\u00f3mo podemos contribuir a mejorar nuestra sociedad? Estas preguntas son nuestra base, nuestros principios.<\/p>\n<\/p>\n<h2>PRESENCIA GLOBAL<br \/>\n<\/h2>\n<ul>\n<li>\n\t\t\t\t\t\t\t\t\t\tjusticia\n\t\t\t\t\t\t\t\t\t<\/li>\n<li>\n\t\t\t\t\t\t\t<svg aria-hidden=\"true\" viewBox=\"0 0 512 512\" xmlns=\"http:\/\/www.w3.org\/2000\/svg\"><path d=\"M256 56c110.532 0 200 89.451 200 200 0 110.532-89.451 200-200 200-110.532 0-200-89.451-200-200 0-110.532 89.451-200 200-200m0-48C119.033 8 8 119.033 8 256s111.033 248 248 248 248-111.033 248-248S392.967 8 256 8zm0 168c-44.183 0-80 35.817-80 80s35.817 80 80 80 80-35.817 80-80-35.817-80-80-80z\"><\/path><\/svg><br \/>\n\t\t\t\t\t\t\t\t\t\tigualdad\n\t\t\t\t\t\t\t\t\t<\/li>\n<li>\n\t\t\t\t\t\t\t<svg aria-hidden=\"true\" viewBox=\"0 0 512 512\" xmlns=\"http:\/\/www.w3.org\/2000\/svg\"><path d=\"M256 56c110.532 0 200 89.451 200 200 0 110.532-89.451 200-200 200-110.532 0-200-89.451-200-200 0-110.532 89.451-200 200-200m0-48C119.033 8 8 119.033 8 256s111.033 248 248 248 248-111.033 248-248S392.967 8 256 8zm0 168c-44.183 0-80 35.817-80 80s35.817 80 80 80 80-35.817 80-80-35.817-80-80-80z\"><\/path><\/svg><br \/>\n\t\t\t\t\t\t\t\t\t\tconfianza\n\t\t\t\t\t\t\t\t\t<\/li>\n<\/ul>\n<p>Nuestros abogados tienen un conocimiento profundo de las leyes que protegen a los inversores y trabajan incansablemente para recuperar los fondos perdidos. Adem\u00e1s, nos enfocamos en ayudar a las v\u00edctimas de estafas de trading a comprender sus derechos y opciones legales para obtener una resoluci\u00f3n justa.<\/p>\n<p>\u00a0<\/p>\n","protected":false},"excerpt":{"rendered":"<p>Legal-Innova juisticia igualdad confianza Quienes Somos Abogados especialistas con experiencia en Derecho Internacional , Inform\u00e1tico, Financiero, Penal Solicitar cita Bufete de abogados comprometido justicia igualdad confianza Legal-Innova se configura en la actualidad como un despacho de abogados multidisciplinar que ofrece servicios jur\u00eddicos de calidad a empresas y particulares. Contamos con oficinas en Portugal, Reino Unido &hellip;<\/p>\n<p class=\"read-more\"> <a class=\"\" href=\"https:\/\/legal-innova.com\/index.php\/acerca-de-nosotros\/\"> <span class=\"screen-reader-text\">acerca de nosotros<\/span> Leer m\u00e1s &raquo;<\/a><\/p>\n","protected":false},"author":1,"featured_media":0,"parent":0,"menu_order":0,"comment_status":"closed","ping_status":"closed","template":"elementor_header_footer","meta":{"site-sidebar-layout":"no-sidebar","site-content-layout":"page-builder","ast-global-header-display":"disabled","ast-main-header-display":"","ast-hfb-above-header-display":"","ast-hfb-below-header-display":"","ast-hfb-mobile-header-display":"","site-post-title":"disabled","ast-breadcrumbs-content":"","ast-featured-img":"disabled","footer-sml-layout":"disabled","theme-transparent-header-meta":"","adv-header-id-meta":"","stick-header-meta":"","header-above-stick-meta":"","header-main-stick-meta":"","header-below-stick-meta":"","footnotes":""},"_links":{"self":[{"href":"https:\/\/legal-innova.com\/index.php\/wp-json\/wp\/v2\/pages\/79"}],"collection":[{"href":"https:\/\/legal-innova.com\/index.php\/wp-json\/wp\/v2\/pages"}],"about":[{"href":"https:\/\/legal-innova.com\/index.php\/wp-json\/wp\/v2\/types\/page"}],"author":[{"embeddable":true,"href":"https:\/\/legal-innova.com\/index.php\/wp-json\/wp\/v2\/users\/1"}],"replies":[{"embeddable":true,"href":"https:\/\/legal-innova.com\/index.php\/wp-json\/wp\/v2\/comments?post=79"}],"version-history":[{"count":15,"href":"https:\/\/legal-innova.com\/index.php\/wp-json\/wp\/v2\/pages\/79\/revisions"}],"predecessor-version":[{"id":984,"href":"https:\/\/legal-innova.com\/index.php\/wp-json\/wp\/v2\/pages\/79\/revisions\/984"}],"wp:attachment":[{"href":"https:\/\/legal-innova.com\/index.php\/wp-json\/wp\/v2\/media?parent=79"}],"curies":[{"name":"wp","href":"https:\/\/api.w.org\/{rel}","templated":true}]}}